{"id":332,"date":"2018-07-25T16:58:40","date_gmt":"2018-07-25T16:58:40","guid":{"rendered":"https:\/\/www.ofs.org.co\/web\/?page_id=332"},"modified":"2024-10-23T04:22:54","modified_gmt":"2024-10-23T04:22:54","slug":"amazonas","status":"publish","type":"page","link":"https:\/\/www.ofs.org.co\/web\/fraternidades\/amazonas\/","title":{"rendered":"Regional Amazonas"},"content":{"rendered":"<h3>Consejo Regional<\/h3>\n<p><strong>Ministro:<\/strong>&nbsp;&nbsp;Crispin Valerio Ahu\u00e9<\/p>\n<p><strong>Viceministro:&nbsp;<\/strong>&nbsp;Leoncio Coello Ahu\u00e9<\/p>\n<p><strong>Tesorera:<\/strong>&nbsp;Lucy&nbsp; Ahu\u00e9 Coello<\/p>\n<p><strong>Secretaria:<\/strong>&nbsp;Nicasio Ahu\u00e9 Coello<\/p>\n<p><strong>Formadora:<\/strong>&nbsp;Shirley Wihiler Bautista<\/p>\n<p><strong>Asistente:<\/strong> Fray Rodolfo Pi\u00f1eros<\/p>\n","protected":false},"excerpt":{"rendered":"<p>Consejo Regional Ministro:&nbsp;&nbsp;Crispin Valerio Ahu\u00e9 Viceministro:&nbsp;&nbsp;Leoncio Coello Ahu\u00e9 Tesorera:&nbsp;Lucy&nbsp; Ahu\u00e9 Coello Secretaria:&nbsp;Nicasio Ahu\u00e9 Coello Formadora:&nbsp;Shirley Wihiler Bautista Asistente: Fray Rodolfo Pi\u00f1eros<\/p>\n","protected":false},"author":1,"featured_media":0,"parent":9,"menu_order":1,"comment_status":"closed","ping_status":"closed","template":"","meta":{"ngg_post_thumbnail":0,"footnotes":""},"class_list":["post-332","page","type-page","status-publish","hentry"],"_links":{"self":[{"href":"https:\/\/www.ofs.org.co\/web\/wp-json\/wp\/v2\/pages\/332","targetHints":{"allow":["GET"]}}],"collection":[{"href":"https:\/\/www.ofs.org.co\/web\/wp-json\/wp\/v2\/pages"}],"about":[{"href":"https:\/\/www.ofs.org.co\/web\/wp-json\/wp\/v2\/types\/page"}],"author":[{"embeddable":true,"href":"https:\/\/www.ofs.org.co\/web\/wp-json\/wp\/v2\/users\/1"}],"replies":[{"embeddable":true,"href":"https:\/\/www.ofs.org.co\/web\/wp-json\/wp\/v2\/comments?post=332"}],"version-history":[{"count":7,"href":"https:\/\/www.ofs.org.co\/web\/wp-json\/wp\/v2\/pages\/332\/revisions"}],"predecessor-version":[{"id":665,"href":"https:\/\/www.ofs.org.co\/web\/wp-json\/wp\/v2\/pages\/332\/revisions\/665"}],"up":[{"embeddable":true,"href":"https:\/\/www.ofs.org.co\/web\/wp-json\/wp\/v2\/pages\/9"}],"wp:attachment":[{"href":"https:\/\/www.ofs.org.co\/web\/wp-json\/wp\/v2\/media?parent=332"}],"curies":[{"name":"wp","href":"https:\/\/api.w.org\/{rel}","templated":true}]}}