{"id":35,"date":"2016-07-22T14:35:37","date_gmt":"2016-07-22T14:35:37","guid":{"rendered":"http:\/\/www.ofs.org.co\/web\/?page_id=35"},"modified":"2024-10-16T02:28:45","modified_gmt":"2024-10-16T02:28:45","slug":"formacion","status":"publish","type":"page","link":"https:\/\/www.ofs.org.co\/web\/formacion\/","title":{"rendered":"FORMACI\u00d3N"},"content":{"rendered":"<p style=\"text-align: justify;\"><img loading=\"lazy\" decoding=\"async\" class=\"aligncenter wp-image-642 \" src=\"https:\/\/www.ofs.org.co\/web\/wp-content\/uploads\/2024\/10\/WhatsApp-Image-2024-10-15-at-7.28.57-PM-1-300x225.jpeg\" alt=\"\" width=\"671\" height=\"503\" srcset=\"https:\/\/www.ofs.org.co\/web\/wp-content\/uploads\/2024\/10\/WhatsApp-Image-2024-10-15-at-7.28.57-PM-1-300x225.jpeg 300w, https:\/\/www.ofs.org.co\/web\/wp-content\/uploads\/2024\/10\/WhatsApp-Image-2024-10-15-at-7.28.57-PM-1-1024x768.jpeg 1024w, https:\/\/www.ofs.org.co\/web\/wp-content\/uploads\/2024\/10\/WhatsApp-Image-2024-10-15-at-7.28.57-PM-1-768x576.jpeg 768w, https:\/\/www.ofs.org.co\/web\/wp-content\/uploads\/2024\/10\/WhatsApp-Image-2024-10-15-at-7.28.57-PM-1.jpeg 1280w\" sizes=\"auto, (max-width: 671px) 100vw, 671px\" \/><\/p>\n<p style=\"text-align: justify;\">En todos los encuentros franciscanos, ya sea una reuni\u00f3n informal de los hermanos, o en&nbsp;una reuni\u00f3n mensual de fraternidad local o en un cap\u00edtulo, aparece inevitablemente el&nbsp;tema de la formaci\u00f3n. La atenci\u00f3n dada a este aspecto en la vida franciscana demuestra el&nbsp;importante papel que tiene en todos los niveles de la vida de los hermanos, y en la vida de&nbsp;la fraternidad de la Orden.<\/p>\n<p style=\"text-align: justify;\"><strong>El desaf\u00edo de la formaci\u00f3n en la Orden Franciscana Seglar<\/strong> es el de animar a los hermanos a&nbsp;entrar en un largo camino formativo, que los lleve a encarnar el carisma y encontrar su&nbsp;vida y su significado en su relaci\u00f3n con Dios.<\/p>\n<p style=\"text-align: justify;\">La formaci\u00f3n del hermano <strong>es un camino de toda la vida<\/strong> tanto personal como de la&nbsp;fraternidad en el descubrimiento de Cristo pobre, humilde y crucificado, de acuerdo con&nbsp;las caracter\u00edsticas y circunstancias del tiempo presente.<\/p>\n<p style=\"text-align: justify;\"><strong>En la formaci\u00f3n de los hermanos es preciso tener en cuenta los siguientes aspectos:<\/strong><\/p>\n<ul>\n<li style=\"text-align: justify;\">El hermano es llamado por el Se\u00f1or, esto quiere decir que viene a la fraternidad&nbsp;bajo la acci\u00f3n del Esp\u00edritu Santo.<\/li>\n<li style=\"text-align: justify;\">Su formaci\u00f3n tiene que entenderse como un proceso din\u00e1mico que debe favorecer&nbsp;su crecimiento integral.<\/li>\n<li style=\"text-align: justify;\">Cada hermano es el protagonista principal de su propia formaci\u00f3n, por lo tanto&nbsp;debe interiorizar y asumir responsablemente los valores de la vida humana,&nbsp;cristiana y franciscana.<\/li>\n<li style=\"text-align: justify;\">La formaci\u00f3n parte de la conversi\u00f3n continua para seguir a Cristo con fidelidad y&nbsp;de acuerdo con el esp\u00edritu de san Francisco.<\/li>\n<li style=\"text-align: justify;\">La formaci\u00f3n se realiza en el \u00e1mbito personal, de la fraternidad y del mundo real;&nbsp;\u00e9stos son los espacios donde cada uno est\u00e1 llamado a experimentar la gracia,&nbsp;renovar su mente y su coraz\u00f3n y desarrollar su vocaci\u00f3n evang\u00e9lica.<\/li>\n<\/ul>\n<p><strong>El itinerario de formaci\u00f3n en el caso de la fraternidad Colombia es el siguiente:<\/strong><\/p>\n<p style=\"text-align: justify;\">La formaci\u00f3n de los Hermanos aborda diferentes aspectos de la dimensi\u00f3n humana, cristiana y franciscana, este proceso se describe con detalle en el siguiente documento:<\/p>\n<div class='w3eden'><!-- WPDM Link Template: Default Template -->\n\n<div class=\"link-template-default card mb-2\">\n    <div class=\"card-body\">\n        <div class=\"media\">\n            <div class=\"mr-3 img-48\"><img decoding=\"async\" class=\"wpdm_icon\" alt=\"Icono\"   src=\"https:\/\/www.ofs.org.co\/web\/wp-content\/plugins\/download-manager\/assets\/file-type-icons\/pdf.png\" \/><\/div>\n            <div class=\"media-body\">\n                <h3 class=\"package-title\"><a href='https:\/\/www.ofs.org.co\/web\/download\/itinerario-nacional-de-formacion-ofs-colombia\/'>Itinerario Nacional de Formaci\u00f3n OFS Colombia<\/a><\/h3>\n                <div class=\"text-muted text-small\"><i class=\"fas fa-copy\"><\/i> 1 archivo(s) <i class=\"fas fa-hdd ml-3\"><\/i> 922.14 KB<\/div>\n            <\/div>\n            <div class=\"ml-3\">\n                <a class='wpdm-download-link download-on-click btn btn-primary ' rel='nofollow' href='#' data-downloadurl=\"https:\/\/www.ofs.org.co\/web\/download\/itinerario-nacional-de-formacion-ofs-colombia\/?wpdmdl=335&refresh=69faaf09707361778036489\">Descargar<\/a>\n            <\/div>\n        <\/div>\n    <\/div>\n<\/div>\n\n<\/div>\n<p>&nbsp;<\/p>\n","protected":false},"excerpt":{"rendered":"<p>En todos los encuentros franciscanos, ya sea una reuni\u00f3n informal de los hermanos, o en&nbsp;una reuni\u00f3n mensual de fraternidad local o en un cap\u00edtulo, aparece inevitablemente el&nbsp;tema de la formaci\u00f3n. La atenci\u00f3n<a class=\"moretag\" href=\"https:\/\/www.ofs.org.co\/web\/formacion\/\">Read More&#8230;<\/a><\/p>\n","protected":false},"author":1,"featured_media":0,"parent":0,"menu_order":3,"comment_status":"closed","ping_status":"closed","template":"","meta":{"ngg_post_thumbnail":0,"footnotes":""},"class_list":["post-35","page","type-page","status-publish","hentry"],"_links":{"self":[{"href":"https:\/\/www.ofs.org.co\/web\/wp-json\/wp\/v2\/pages\/35","targetHints":{"allow":["GET"]}}],"collection":[{"href":"https:\/\/www.ofs.org.co\/web\/wp-json\/wp\/v2\/pages"}],"about":[{"href":"https:\/\/www.ofs.org.co\/web\/wp-json\/wp\/v2\/types\/page"}],"author":[{"embeddable":true,"href":"https:\/\/www.ofs.org.co\/web\/wp-json\/wp\/v2\/users\/1"}],"replies":[{"embeddable":true,"href":"https:\/\/www.ofs.org.co\/web\/wp-json\/wp\/v2\/comments?post=35"}],"version-history":[{"count":9,"href":"https:\/\/www.ofs.org.co\/web\/wp-json\/wp\/v2\/pages\/35\/revisions"}],"predecessor-version":[{"id":644,"href":"https:\/\/www.ofs.org.co\/web\/wp-json\/wp\/v2\/pages\/35\/revisions\/644"}],"wp:attachment":[{"href":"https:\/\/www.ofs.org.co\/web\/wp-json\/wp\/v2\/media?parent=35"}],"curies":[{"name":"wp","href":"https:\/\/api.w.org\/{rel}","templated":true}]}}