{"id":352,"date":"2018-07-26T14:31:07","date_gmt":"2018-07-26T14:31:07","guid":{"rendered":"https:\/\/www.ofs.org.co\/web\/?page_id=352"},"modified":"2024-10-23T04:13:28","modified_gmt":"2024-10-23T04:13:28","slug":"antioquia-2","status":"publish","type":"page","link":"https:\/\/www.ofs.org.co\/web\/fraternidades\/antioquia-2\/","title":{"rendered":"Regional Antioquia"},"content":{"rendered":"<h3>Consejo Regional<\/h3>\n<p><strong>Ministro:<\/strong>&nbsp;Rodrigo Correa<\/p>\n<p><strong>Viceministra:<\/strong>&nbsp;Nelly Mar\u00edn<\/p>\n<p><strong>Tesorera:<\/strong>&nbsp;Soledad Arbel\u00e1ez<\/p>\n<p><strong>Secretario:<\/strong>&nbsp;Alfonso Soto<\/p>\n<p><strong>Formadora:<\/strong>&nbsp;Elvia Garc\u00eda &#8211; apoya Fabio Correa<\/p>\n<p><strong>Asistente Espiritual:<\/strong>&nbsp;Fray Jhon Fredy Mar\u00edn<\/p>\n<p><strong>Animador JUFRA:<\/strong>&nbsp;Ricardo Galvis<\/p>\n\n<table id=\"tablepress-3\" class=\"tablepress tablepress-id-3\">\n<thead>\n<tr class=\"row-1\">\n\t<th class=\"column-1\">Fraternidad<\/th><th class=\"column-2\">San Luis Rey de Francia<\/th>\n<\/tr>\n<\/thead>\n<tbody class=\"row-striping row-hover\">\n<tr class=\"row-2\">\n\t<td class=\"column-1\">Hermanos<\/td><td class=\"column-2\">La fraternidad est\u00e1 conformada por 9 hermanos profesos y 4 en iniciaci\u00f3n.<\/td>\n<\/tr>\n<tr class=\"row-3\">\n\t<td class=\"column-1\">Encuentros<\/td><td class=\"column-2\">Segundo cuarto s\u00e1bado de cada mes en la Casa de los Hermanos Capuchinos (Casa azul) en Bello, Ant.<\/td>\n<\/tr>\n<tr class=\"row-4\">\n\t<td class=\"column-1\">Apostolado<\/td><td class=\"column-2\">Oraci\u00f3n.<\/td>\n<\/tr>\n<tr class=\"row-5\">\n\t<td class=\"column-1\">Sitio web<\/td><td class=\"column-2\">No.<\/td>\n<\/tr>\n<\/tbody>\n<\/table>\n\n\n<table id=\"tablepress-10\" class=\"tablepress tablepress-id-10\">\n<thead>\n<tr class=\"row-1\">\n\t<th class=\"column-1\">Fraternidad<\/th><th class=\"column-2\">Santo Cura de Ars<\/th>\n<\/tr>\n<\/thead>\n<tbody class=\"row-striping row-hover\">\n<tr class=\"row-2\">\n\t<td class=\"column-1\">Hermanos<\/td><td class=\"column-2\"><\/td>\n<\/tr>\n<tr class=\"row-3\">\n\t<td class=\"column-1\">Encuentros<\/td><td class=\"column-2\"><\/td>\n<\/tr>\n<tr class=\"row-4\">\n\t<td class=\"column-1\">Apostolado<\/td><td class=\"column-2\"><\/td>\n<\/tr>\n<tr class=\"row-5\">\n\t<td class=\"column-1\">Sitio web<\/td><td class=\"column-2\"><\/td>\n<\/tr>\n<\/tbody>\n<\/table>\n\n\n<table id=\"tablepress-11\" class=\"tablepress tablepress-id-11\">\n<thead>\n<tr class=\"row-1\">\n\t<th class=\"column-1\">Fraternidad<\/th><th class=\"column-2\">San Benito de Palermo<\/th>\n<\/tr>\n<\/thead>\n<tbody class=\"row-striping row-hover\">\n<tr class=\"row-2\">\n\t<td class=\"column-1\">Hermanos<\/td><td class=\"column-2\"><\/td>\n<\/tr>\n<tr class=\"row-3\">\n\t<td class=\"column-1\">Encuentros<\/td><td class=\"column-2\"><\/td>\n<\/tr>\n<tr class=\"row-4\">\n\t<td class=\"column-1\">Apostolado<\/td><td class=\"column-2\"><\/td>\n<\/tr>\n<tr class=\"row-5\">\n\t<td class=\"column-1\">Sitio web<\/td><td class=\"column-2\"><\/td>\n<\/tr>\n<\/tbody>\n<\/table>\n\n\n<table id=\"tablepress-12\" class=\"tablepress tablepress-id-12\">\n<thead>\n<tr class=\"row-1\">\n\t<th class=\"column-1\">Fraternidad<\/th><th class=\"column-2\">San Bernardo<\/th>\n<\/tr>\n<\/thead>\n<tbody class=\"row-striping row-hover\">\n<tr class=\"row-2\">\n\t<td class=\"column-1\">Hermanos<\/td><td class=\"column-2\"><\/td>\n<\/tr>\n<tr class=\"row-3\">\n\t<td class=\"column-1\">Encuentros<\/td><td class=\"column-2\"><\/td>\n<\/tr>\n<tr class=\"row-4\">\n\t<td class=\"column-1\">Apostolado<\/td><td class=\"column-2\"><\/td>\n<\/tr>\n<tr class=\"row-5\">\n\t<td class=\"column-1\">Sitio web<\/td><td class=\"column-2\"><\/td>\n<\/tr>\n<\/tbody>\n<\/table>\n\n\n<table id=\"tablepress-13\" class=\"tablepress tablepress-id-13\">\n<thead>\n<tr class=\"row-1\">\n\t<th class=\"column-1\">Fraternidad<\/th><th class=\"column-2\">San Antonio de Prado<\/th>\n<\/tr>\n<\/thead>\n<tbody class=\"row-striping row-hover\">\n<tr class=\"row-2\">\n\t<td class=\"column-1\">Hermanos<\/td><td class=\"column-2\"><\/td>\n<\/tr>\n<tr class=\"row-3\">\n\t<td class=\"column-1\">Encuentros<\/td><td class=\"column-2\"><\/td>\n<\/tr>\n<tr class=\"row-4\">\n\t<td class=\"column-1\">Apostolado<\/td><td class=\"column-2\"><\/td>\n<\/tr>\n<tr class=\"row-5\">\n\t<td class=\"column-1\">Sitio web<\/td><td class=\"column-2\"><\/td>\n<\/tr>\n<\/tbody>\n<\/table>\n\n<h3>Fraternidades emergentes<\/h3>\n\n<table id=\"tablepress-14\" class=\"tablepress tablepress-id-14\">\n<thead>\n<tr class=\"row-1\">\n\t<th class=\"column-1\">Fraternidad<\/th><th class=\"column-2\">San Maximiliano Kolbe<\/th>\n<\/tr>\n<\/thead>\n<tbody class=\"row-striping row-hover\">\n<tr class=\"row-2\">\n\t<td class=\"column-1\">Hermanos<\/td><td class=\"column-2\"><\/td>\n<\/tr>\n<tr class=\"row-3\">\n\t<td class=\"column-1\">Encuentros<\/td><td class=\"column-2\"><\/td>\n<\/tr>\n<tr class=\"row-4\">\n\t<td class=\"column-1\">Apostolado<\/td><td class=\"column-2\"><\/td>\n<\/tr>\n<tr class=\"row-5\">\n\t<td class=\"column-1\">Sitio web<\/td><td class=\"column-2\"><\/td>\n<\/tr>\n<\/tbody>\n<\/table>\n\n\n<table id=\"tablepress-15\" class=\"tablepress tablepress-id-15\">\n<thead>\n<tr class=\"row-1\">\n\t<th class=\"column-1\">Fraternidad<\/th><th class=\"column-2\">Sol de As\u00eds<\/th>\n<\/tr>\n<\/thead>\n<tbody class=\"row-striping row-hover\">\n<tr class=\"row-2\">\n\t<td class=\"column-1\">Hermanos<\/td><td class=\"column-2\"><\/td>\n<\/tr>\n<tr class=\"row-3\">\n\t<td class=\"column-1\">Encuentros<\/td><td class=\"column-2\"><\/td>\n<\/tr>\n<tr class=\"row-4\">\n\t<td class=\"column-1\">Apostolado<\/td><td class=\"column-2\"><\/td>\n<\/tr>\n<tr class=\"row-5\">\n\t<td class=\"column-1\">Sitio web<\/td><td class=\"column-2\"><\/td>\n<\/tr>\n<\/tbody>\n<\/table>\n\n\n<table id=\"tablepress-16\" class=\"tablepress tablepress-id-16\">\n<thead>\n<tr class=\"row-1\">\n\t<th class=\"column-1\">Fraternidad<\/th><th class=\"column-2\">San Pedro de Alc\u00e1ntara<\/th>\n<\/tr>\n<\/thead>\n<tbody class=\"row-striping row-hover\">\n<tr class=\"row-2\">\n\t<td class=\"column-1\">Hermanos<\/td><td class=\"column-2\">5<\/td>\n<\/tr>\n<tr class=\"row-3\">\n\t<td class=\"column-1\">Encuentros<\/td><td class=\"column-2\">Primer y \u00faltimo martes del mes. 7:15 p.m. Casa de las Hermanas Capuchinas<\/td>\n<\/tr>\n<tr class=\"row-4\">\n\t<td class=\"column-1\">Apostolado<\/td><td class=\"column-2\"><\/td>\n<\/tr>\n<tr class=\"row-5\">\n\t<td class=\"column-1\">Sitio web<\/td><td class=\"column-2\"><\/td>\n<\/tr>\n<\/tbody>\n<\/table>\n\n<p>&nbsp;<\/p>\n","protected":false},"excerpt":{"rendered":"<p>Consejo Regional Ministro:&nbsp;Rodrigo Correa Viceministra:&nbsp;Nelly Mar\u00edn Tesorera:&nbsp;Soledad Arbel\u00e1ez Secretario:&nbsp;Alfonso Soto Formadora:&nbsp;Elvia Garc\u00eda &#8211; apoya Fabio Correa Asistente Espiritual:&nbsp;Fray Jhon Fredy Mar\u00edn Animador JUFRA:&nbsp;Ricardo Galvis Fraternidades emergentes &nbsp;<\/p>\n","protected":false},"author":1,"featured_media":0,"parent":9,"menu_order":0,"comment_status":"closed","ping_status":"closed","template":"","meta":{"ngg_post_thumbnail":0,"footnotes":""},"class_list":["post-352","page","type-page","status-publish","hentry"],"_links":{"self":[{"href":"https:\/\/www.ofs.org.co\/web\/wp-json\/wp\/v2\/pages\/352","targetHints":{"allow":["GET"]}}],"collection":[{"href":"https:\/\/www.ofs.org.co\/web\/wp-json\/wp\/v2\/pages"}],"about":[{"href":"https:\/\/www.ofs.org.co\/web\/wp-json\/wp\/v2\/types\/page"}],"author":[{"embeddable":true,"href":"https:\/\/www.ofs.org.co\/web\/wp-json\/wp\/v2\/users\/1"}],"replies":[{"embeddable":true,"href":"https:\/\/www.ofs.org.co\/web\/wp-json\/wp\/v2\/comments?post=352"}],"version-history":[{"count":6,"href":"https:\/\/www.ofs.org.co\/web\/wp-json\/wp\/v2\/pages\/352\/revisions"}],"predecessor-version":[{"id":661,"href":"https:\/\/www.ofs.org.co\/web\/wp-json\/wp\/v2\/pages\/352\/revisions\/661"}],"up":[{"embeddable":true,"href":"https:\/\/www.ofs.org.co\/web\/wp-json\/wp\/v2\/pages\/9"}],"wp:attachment":[{"href":"https:\/\/www.ofs.org.co\/web\/wp-json\/wp\/v2\/media?parent=352"}],"curies":[{"name":"wp","href":"https:\/\/api.w.org\/{rel}","templated":true}]}}