{"id":382,"date":"2018-07-28T19:22:29","date_gmt":"2018-07-28T19:22:29","guid":{"rendered":"https:\/\/www.ofs.org.co\/web\/?page_id=382"},"modified":"2024-10-23T04:13:01","modified_gmt":"2024-10-23T04:13:01","slug":"eje-cafetero","status":"publish","type":"page","link":"https:\/\/www.ofs.org.co\/web\/fraternidades\/eje-cafetero\/","title":{"rendered":"Regional Eje cafetero"},"content":{"rendered":"\n<h3 class=\"wp-block-heading\">Consejo Regional<\/h3>\n\n\n\n<p><strong>Ministro:<\/strong>\u00a0Gilberto Heredia<\/p>\n\n\n\n<p><strong>Viceministro:<\/strong>\u00a0Luis Grisales<\/p>\n\n\n\n<p><strong>Tesorero:<\/strong>\u00a0James Montoya<\/p>\n\n\n\n<p><strong>Secretaria:<\/strong>\u00a0Ana Cerquera<\/p>\n\n\n\n<p><strong>Formador:<\/strong>\u00a0Carlos Ramir\u00e9z<\/p>\n\n\n\n<p><strong>Animador Fraterno<\/strong>: Jhon Giraldo<\/p>\n\n\n\n<p><strong>Jpic:<\/strong> Jes\u00fas M\u00e1rquez<\/p>\n\n\n\n<figure class=\"wp-block-image size-large\"><img loading=\"lazy\" decoding=\"async\" width=\"1024\" height=\"768\" src=\"https:\/\/www.ofs.org.co\/web\/wp-content\/uploads\/2024\/10\/WhatsApp-Image-2024-10-15-at-7.28.55-PM-2-1024x768.jpeg\" alt=\"\" class=\"wp-image-659\" srcset=\"https:\/\/www.ofs.org.co\/web\/wp-content\/uploads\/2024\/10\/WhatsApp-Image-2024-10-15-at-7.28.55-PM-2-1024x768.jpeg 1024w, https:\/\/www.ofs.org.co\/web\/wp-content\/uploads\/2024\/10\/WhatsApp-Image-2024-10-15-at-7.28.55-PM-2-300x225.jpeg 300w, https:\/\/www.ofs.org.co\/web\/wp-content\/uploads\/2024\/10\/WhatsApp-Image-2024-10-15-at-7.28.55-PM-2-768x576.jpeg 768w, https:\/\/www.ofs.org.co\/web\/wp-content\/uploads\/2024\/10\/WhatsApp-Image-2024-10-15-at-7.28.55-PM-2.jpeg 1280w\" sizes=\"auto, (max-width: 1024px) 100vw, 1024px\" \/><\/figure>\n","protected":false},"excerpt":{"rendered":"<p>Consejo Regional Ministro:\u00a0Gilberto Heredia Viceministro:\u00a0Luis Grisales Tesorero:\u00a0James Montoya Secretaria:\u00a0Ana Cerquera Formador:\u00a0Carlos Ramir\u00e9z Animador Fraterno: Jhon Giraldo Jpic: Jes\u00fas M\u00e1rquez<\/p>\n","protected":false},"author":1,"featured_media":0,"parent":9,"menu_order":0,"comment_status":"closed","ping_status":"closed","template":"","meta":{"ngg_post_thumbnail":0,"footnotes":""},"class_list":["post-382","page","type-page","status-publish","hentry"],"_links":{"self":[{"href":"https:\/\/www.ofs.org.co\/web\/wp-json\/wp\/v2\/pages\/382","targetHints":{"allow":["GET"]}}],"collection":[{"href":"https:\/\/www.ofs.org.co\/web\/wp-json\/wp\/v2\/pages"}],"about":[{"href":"https:\/\/www.ofs.org.co\/web\/wp-json\/wp\/v2\/types\/page"}],"author":[{"embeddable":true,"href":"https:\/\/www.ofs.org.co\/web\/wp-json\/wp\/v2\/users\/1"}],"replies":[{"embeddable":true,"href":"https:\/\/www.ofs.org.co\/web\/wp-json\/wp\/v2\/comments?post=382"}],"version-history":[{"count":2,"href":"https:\/\/www.ofs.org.co\/web\/wp-json\/wp\/v2\/pages\/382\/revisions"}],"predecessor-version":[{"id":660,"href":"https:\/\/www.ofs.org.co\/web\/wp-json\/wp\/v2\/pages\/382\/revisions\/660"}],"up":[{"embeddable":true,"href":"https:\/\/www.ofs.org.co\/web\/wp-json\/wp\/v2\/pages\/9"}],"wp:attachment":[{"href":"https:\/\/www.ofs.org.co\/web\/wp-json\/wp\/v2\/media?parent=382"}],"curies":[{"name":"wp","href":"https:\/\/api.w.org\/{rel}","templated":true}]}}