{"id":502,"date":"2018-10-03T22:04:49","date_gmt":"2018-10-03T22:04:49","guid":{"rendered":"https:\/\/www.ofs.org.co\/web\/?page_id=502"},"modified":"2024-10-23T04:19:36","modified_gmt":"2024-10-23T04:19:36","slug":"consejo-nacional","status":"publish","type":"page","link":"https:\/\/www.ofs.org.co\/web\/fraternidades\/consejo-nacional\/","title":{"rendered":"Consejo Nacional"},"content":{"rendered":"<p><\/p>\n<p><strong>Ministra:<\/strong> Gloria Ribero<\/p>\n<p> <\/p>\n<p><strong>Viceministro:<\/strong> Ricardo Galvis<\/p>\n<p> <\/p>\n<p><strong>Tesorera:<\/strong> Carlos Ramir\u00e9z<\/p>\n<p> <\/p>\n<p><strong>Secretaria:<\/strong> Sara Ruiz<\/p>\n<p> <\/p>\n<p><strong>Formador:<\/strong> Ligorio Dusssan<\/p>\n<p> <\/p>\n<p><strong>Animador Fraterno<\/strong>: Luis Fernando Romero<\/p>\n<p> <\/p>\n<p><strong>Jpic:<\/strong> Gloria Patricia Zapata<\/p>\n<p> <\/p>\n<p><strong>Comunicaciones:<\/strong> Luis Yamir Pinto<\/p>\n<p><strong>Asistentes<\/strong>: Fray Miguel \u00c1ngel Estupi\u00f1\u00e1n OFM, Fray Elkin Sossa OFM Conv., Fray Rodolfo Pi\u00f1eros OFM Cap.<\/p>\n\n\n<figure class=\"wp-block-gallery has-nested-images columns-default is-cropped wp-block-gallery-1 is-layout-flex wp-block-gallery-is-layout-flex\">\n<figure class=\"wp-block-image size-large\"><img loading=\"lazy\" decoding=\"async\" width=\"1024\" height=\"768\" data-id=\"663\" src=\"https:\/\/www.ofs.org.co\/web\/wp-content\/uploads\/2024\/10\/447250068_795574449341409_2745927711955598100_n-1024x768.jpg\" alt=\"\" class=\"wp-image-663\" srcset=\"https:\/\/www.ofs.org.co\/web\/wp-content\/uploads\/2024\/10\/447250068_795574449341409_2745927711955598100_n-1024x768.jpg 1024w, https:\/\/www.ofs.org.co\/web\/wp-content\/uploads\/2024\/10\/447250068_795574449341409_2745927711955598100_n-300x225.jpg 300w, https:\/\/www.ofs.org.co\/web\/wp-content\/uploads\/2024\/10\/447250068_795574449341409_2745927711955598100_n-768x576.jpg 768w, https:\/\/www.ofs.org.co\/web\/wp-content\/uploads\/2024\/10\/447250068_795574449341409_2745927711955598100_n.jpg 1280w\" sizes=\"auto, (max-width: 1024px) 100vw, 1024px\" \/><\/figure>\n<\/figure>\n","protected":false},"excerpt":{"rendered":"<p>Ministra: Gloria Ribero Viceministro: Ricardo Galvis Tesorera: Carlos Ramir\u00e9z Secretaria: Sara Ruiz Formador: Ligorio Dusssan Animador Fraterno: Luis Fernando Romero Jpic: Gloria Patricia Zapata<\/p>\n","protected":false},"author":1,"featured_media":0,"parent":9,"menu_order":0,"comment_status":"closed","ping_status":"closed","template":"","meta":{"ngg_post_thumbnail":0,"footnotes":""},"class_list":["post-502","page","type-page","status-publish","hentry"],"_links":{"self":[{"href":"https:\/\/www.ofs.org.co\/web\/wp-json\/wp\/v2\/pages\/502","targetHints":{"allow":["GET"]}}],"collection":[{"href":"https:\/\/www.ofs.org.co\/web\/wp-json\/wp\/v2\/pages"}],"about":[{"href":"https:\/\/www.ofs.org.co\/web\/wp-json\/wp\/v2\/types\/page"}],"author":[{"embeddable":true,"href":"https:\/\/www.ofs.org.co\/web\/wp-json\/wp\/v2\/users\/1"}],"replies":[{"embeddable":true,"href":"https:\/\/www.ofs.org.co\/web\/wp-json\/wp\/v2\/comments?post=502"}],"version-history":[{"count":3,"href":"https:\/\/www.ofs.org.co\/web\/wp-json\/wp\/v2\/pages\/502\/revisions"}],"predecessor-version":[{"id":770,"href":"https:\/\/www.ofs.org.co\/web\/wp-json\/wp\/v2\/pages\/502\/revisions\/770"}],"up":[{"embeddable":true,"href":"https:\/\/www.ofs.org.co\/web\/wp-json\/wp\/v2\/pages\/9"}],"wp:attachment":[{"href":"https:\/\/www.ofs.org.co\/web\/wp-json\/wp\/v2\/media?parent=502"}],"curies":[{"name":"wp","href":"https:\/\/api.w.org\/{rel}","templated":true}]}}