{"id":578,"date":"2023-06-28T13:04:45","date_gmt":"2023-06-28T13:04:45","guid":{"rendered":"https:\/\/www.ofs.org.co\/web\/?page_id=578"},"modified":"2023-06-28T13:04:45","modified_gmt":"2023-06-28T13:04:45","slug":"estatuto-nacional","status":"publish","type":"page","link":"https:\/\/www.ofs.org.co\/web\/estatuto-nacional\/","title":{"rendered":"ESTATUTO NACIONAL"},"content":{"rendered":"\n<p>Paz y bien. La Comisi\u00f3n Nacional de Estatutos presenta una l\u00ednea de tiempo que representa el proceso desarrollado para renovar el Estatuto Nacional. Tambi\u00e9n, queda disponible el texto completo del segundo (2\u00ba) borrador de los estatutos que fue divulgado en la fraternidad nacional en abril de 2023. Este documento es importante para preparar la participaci\u00f3n de los hermanos en el Cap\u00edtulo Intermedio Celebrativo y Legislativo de agosto del 2023 y, para comprender las novedades que contendr\u00e1 el tercer (3\u00ba) borrador de estatutos. Animamos a toda la fraternidad nacional a revisar, apropiar y consultar esta informaci\u00f3n. <\/p>\n\n\n\n<p class=\"has-text-align-center\"><strong>L\u00ednea de tiempo 2008- agosto 2022<\/strong><\/p>\n\n\n\n<figure class=\"wp-block-image size-large\"><img loading=\"lazy\" decoding=\"async\" width=\"1024\" height=\"576\" src=\"https:\/\/www.ofs.org.co\/web\/wp-content\/uploads\/2023\/06\/1-1024x576.png\" alt=\"\" class=\"wp-image-580\" srcset=\"https:\/\/www.ofs.org.co\/web\/wp-content\/uploads\/2023\/06\/1-1024x576.png 1024w, https:\/\/www.ofs.org.co\/web\/wp-content\/uploads\/2023\/06\/1-300x169.png 300w, https:\/\/www.ofs.org.co\/web\/wp-content\/uploads\/2023\/06\/1-768x432.png 768w, https:\/\/www.ofs.org.co\/web\/wp-content\/uploads\/2023\/06\/1-1536x864.png 1536w, https:\/\/www.ofs.org.co\/web\/wp-content\/uploads\/2023\/06\/1.png 1920w\" sizes=\"auto, (max-width: 1024px) 100vw, 1024px\" \/><\/figure>\n\n\n\n<p class=\"has-text-align-center\"><strong>L\u00ednea de tiempo noviembre 2022- junio 2023<\/strong><\/p>\n\n\n\n<figure class=\"wp-block-image size-large\"><img loading=\"lazy\" decoding=\"async\" width=\"1024\" height=\"576\" src=\"https:\/\/www.ofs.org.co\/web\/wp-content\/uploads\/2023\/06\/2-1024x576.png\" alt=\"L\u00ednea de tiempo - proceso de renovaci\u00f3n de estatutos.\" class=\"wp-image-581\" srcset=\"https:\/\/www.ofs.org.co\/web\/wp-content\/uploads\/2023\/06\/2-1024x576.png 1024w, https:\/\/www.ofs.org.co\/web\/wp-content\/uploads\/2023\/06\/2-300x169.png 300w, https:\/\/www.ofs.org.co\/web\/wp-content\/uploads\/2023\/06\/2-768x432.png 768w, https:\/\/www.ofs.org.co\/web\/wp-content\/uploads\/2023\/06\/2-1536x864.png 1536w, https:\/\/www.ofs.org.co\/web\/wp-content\/uploads\/2023\/06\/2.png 1920w\" sizes=\"auto, (max-width: 1024px) 100vw, 1024px\" \/><\/figure>\n\n\n\n<div data-wp-interactive=\"core\/file\" class=\"wp-block-file\"><object data-wp-bind--hidden=\"!state.hasPdfPreview\" hidden class=\"wp-block-file__embed\" data=\"https:\/\/www.ofs.org.co\/web\/wp-content\/uploads\/2023\/06\/Estatutos-OFS-Colombia-2do-Borrador-.pdf\" type=\"application\/pdf\" style=\"width:100%;height:600px\" aria-label=\"Incrustado de Estatutos-OFS-Colombia-2do-Borrador-.\"><\/object><a id=\"wp-block-file--media-480b417b-a970-4cbb-a6ae-ddfaae08d0ad\" href=\"https:\/\/www.ofs.org.co\/web\/wp-content\/uploads\/2023\/06\/Estatutos-OFS-Colombia-2do-Borrador-.pdf\">Estatutos-OFS-Colombia-2do-Borrador-<\/a><a href=\"https:\/\/www.ofs.org.co\/web\/wp-content\/uploads\/2023\/06\/Estatutos-OFS-Colombia-2do-Borrador-.pdf\" class=\"wp-block-file__button wp-element-button\" download aria-describedby=\"wp-block-file--media-480b417b-a970-4cbb-a6ae-ddfaae08d0ad\">Descarga<\/a><\/div>\n","protected":false},"excerpt":{"rendered":"<p>Paz y bien. La Comisi\u00f3n Nacional de Estatutos presenta una l\u00ednea de tiempo que representa el proceso desarrollado para renovar el Estatuto Nacional. Tambi\u00e9n, queda disponible el texto completo del segundo (2\u00ba)<a class=\"moretag\" href=\"https:\/\/www.ofs.org.co\/web\/estatuto-nacional\/\">Read More&#8230;<\/a><\/p>\n","protected":false},"author":1,"featured_media":0,"parent":0,"menu_order":0,"comment_status":"closed","ping_status":"closed","template":"","meta":{"ngg_post_thumbnail":0,"footnotes":""},"class_list":["post-578","page","type-page","status-publish","hentry"],"_links":{"self":[{"href":"https:\/\/www.ofs.org.co\/web\/wp-json\/wp\/v2\/pages\/578","targetHints":{"allow":["GET"]}}],"collection":[{"href":"https:\/\/www.ofs.org.co\/web\/wp-json\/wp\/v2\/pages"}],"about":[{"href":"https:\/\/www.ofs.org.co\/web\/wp-json\/wp\/v2\/types\/page"}],"author":[{"embeddable":true,"href":"https:\/\/www.ofs.org.co\/web\/wp-json\/wp\/v2\/users\/1"}],"replies":[{"embeddable":true,"href":"https:\/\/www.ofs.org.co\/web\/wp-json\/wp\/v2\/comments?post=578"}],"version-history":[{"count":4,"href":"https:\/\/www.ofs.org.co\/web\/wp-json\/wp\/v2\/pages\/578\/revisions"}],"predecessor-version":[{"id":588,"href":"https:\/\/www.ofs.org.co\/web\/wp-json\/wp\/v2\/pages\/578\/revisions\/588"}],"wp:attachment":[{"href":"https:\/\/www.ofs.org.co\/web\/wp-json\/wp\/v2\/media?parent=578"}],"curies":[{"name":"wp","href":"https:\/\/api.w.org\/{rel}","templated":true}]}}